{"id":152,"date":"2018-08-21T17:15:00","date_gmt":"2018-08-21T17:15:00","guid":{"rendered":"https:\/\/sinergiapro.co\/inicio\/?page_id=152"},"modified":"2020-05-18T20:51:55","modified_gmt":"2020-05-18T20:51:55","slug":"vuelva-a-colpensiones","status":"publish","type":"page","link":"https:\/\/sinergiapro.co\/inicio\/vuelva-a-colpensiones\/","title":{"rendered":"Traslado a COLPENSIONES"},"content":{"rendered":"<h1 style=\"text-align: center;\">\u00abLas administradoras de pensiones tienen el deber de proporcionar a sus interesados una informaci\u00f3n completa y comprensible, a la medida de la diferencia existente entre un administrador experto y un afiliado que no es versado en materias de alta complejidad legal\u00bb<\/h1>\n<h4 style=\"text-align: left;\">\u00bfRecibi\u00f3 usted una informaci\u00f3n completa, veraz y comprensible por parte de su fondo de pensiones y cesant\u00edas?\u00bfLe fueron expuestas las ventajas Y <strong>DESVENTAJAS<\/strong> de trasladarse a un fondo privado?<\/h4>\n<h4>Desafortunadamente, la realidad es que a miles de colombianos les fueron vulnerados sus derechos y tomaron la decisi\u00f3n de abandonar el r\u00e9gimen administrado entonces por el Seguro Social (hoy Colpensiones) y las cajas de previsi\u00f3n\u00a0 para ahora darse cuenta que las mesadas pensionales ofrecidas por los fondos privados no concuerdan con sus ingresos (en algunos casos la mesada corresponde a un salario m\u00ednimo cuando se cotiza con un salario significativamente m\u00e1s alto).<\/h4>\n<h4><img loading=\"lazy\" class=\"size-medium wp-image-415 aligncenter\" src=\"https:\/\/sinergiapro.co\/inicio\/wp-content\/uploads\/2019\/05\/WhatsApp-Image-2019-05-22-at-11.48.24-AM-300x300.jpeg\" alt=\"\" width=\"300\" height=\"300\" srcset=\"https:\/\/sinergiapro.co\/inicio\/wp-content\/uploads\/2019\/05\/WhatsApp-Image-2019-05-22-at-11.48.24-AM-300x300.jpeg 300w, https:\/\/sinergiapro.co\/inicio\/wp-content\/uploads\/2019\/05\/WhatsApp-Image-2019-05-22-at-11.48.24-AM-150x150.jpeg 150w, https:\/\/sinergiapro.co\/inicio\/wp-content\/uploads\/2019\/05\/WhatsApp-Image-2019-05-22-at-11.48.24-AM-768x767.jpeg 768w, https:\/\/sinergiapro.co\/inicio\/wp-content\/uploads\/2019\/05\/WhatsApp-Image-2019-05-22-at-11.48.24-AM-1024x1022.jpeg 1024w, https:\/\/sinergiapro.co\/inicio\/wp-content\/uploads\/2019\/05\/WhatsApp-Image-2019-05-22-at-11.48.24-AM-570x570.jpeg 570w, https:\/\/sinergiapro.co\/inicio\/wp-content\/uploads\/2019\/05\/WhatsApp-Image-2019-05-22-at-11.48.24-AM-380x380.jpeg 380w, https:\/\/sinergiapro.co\/inicio\/wp-content\/uploads\/2019\/05\/WhatsApp-Image-2019-05-22-at-11.48.24-AM-285x285.jpeg 285w, https:\/\/sinergiapro.co\/inicio\/wp-content\/uploads\/2019\/05\/WhatsApp-Image-2019-05-22-at-11.48.24-AM.jpeg 1080w\" sizes=\"(max-width: 300px) 100vw, 300px\" \/><\/h4>\n<h4>En otras palabras, muchos ciudadanos mordieron el anzuelo arrojado por estas entidades, para agrandar su capital a costa del esfuerzo de los trabajadores colombianos.<\/h4>\n<h4>Existe sin embargo, una alternativa judicial para las personas que est\u00e1n a menos de 10 a\u00f1os de pensionarse (hombres mayores de 52 a\u00f1os y mujeres mayores de 47) que permite declarar la nulidad de la afiliaci\u00f3n a los fondos privados y devolver sus aportes a Colpensiones.<\/h4>\n<h4><em>&#8211; \u00bfEn qu\u00e9 consiste el procedimiento?<\/em><\/h4>\n<h4>Se trata de la INEFICACIA DEL TRASLADO, mediante la cual un juez laboral de la Rep\u00fablica, decreta nulo el traslado desde el R\u00e9gimen de Prima Media hacia el r\u00e9gimen de ahorro individual, que hoy le est\u00e1 ofreciendo una tercera, cuarta o quinta parte del ingreso base de cotizaci\u00f3n a sus afiliados, afectando su m\u00ednimo vital.<\/h4>\n<h4><em>&#8211; \u00bfCu\u00e1nto dura?<\/em><\/h4>\n<h4>Aproximadamente 2 a\u00f1os, desde que se radica la demanda ante un juez laboral.<\/h4>\n<h4><em>&#8211; \u00bfA quienes est\u00e1 dirigido?<\/em><\/h4>\n<h4>A personas que se encuentran a menos de 10 a\u00f1os de pensionarse y desean volver a COLPENSIONES<\/h4>\n<h4><em>&#8211; \u00bfC\u00f3mo liquidan las pensiones en ambos reg\u00edmenes?<\/em><\/h4>\n<h4>En el r\u00e9gimen de prima media, por el promedio de su ingreso base de cotizaci\u00f3n de los \u00faltimos 10 a\u00f1os cotizados o de toda su vida laboral, lo que m\u00e1s le convenga.<\/h4>\n<h4>En el r\u00e9gimen de ahorro individual, se liquida de acuerdo al monto de su ahorro. Por cada $195 millones de capital se puede acceder a un salario m\u00ednimo. Tome su historia laboral y haga las cuentas!\u00a0<\/h4>\n<h4>Nuestra firma cuenta con expertos en este tipo de procesos, con casos resueltos a favor de los trabajadores.<\/h4>\n<p><span style=\"font-size: 1.2em; font-weight: 600;\">Toda persona, al final de su vida laboral tiene derecho a gozar de una vejez digna y plena. \u00bfQu\u00e9 clase de vejez le espera con la pensi\u00f3n que su AFP le ofrece?<\/span><\/p>\n<h4>Agende su cita, <a href=\"http:\/\/www.sinergiapro.co\/inicio\/contacto\"><strong>cont\u00e1ctenos<\/strong><\/a>.<\/h4>\n<p><strong>Sinergia PRO<\/strong><br \/>Litigios y Propiedad Intelectual<br \/>Av. Cra 19 # 125 &#8211; 65 Oficina 402, Bogot\u00e1 D.C<br \/>Tel\u00e9fono:\u00a03195325857<\/p>\n\n\n<p><\/p>\n","protected":false},"excerpt":{"rendered":"<p>\u00abLas administradoras de pensiones tienen el deber de proporcionar a sus interesados una informaci\u00f3n completa y comprensible, a la medida de la diferencia existente entre un administrador experto y un afiliado que no es versado en materias de alta complejidad legal\u00bb \u00bfRecibi\u00f3 usted una informaci\u00f3n completa, veraz y comprensible por parte de su fondo de<\/p>\n<p><a href=\"https:\/\/sinergiapro.co\/inicio\/vuelva-a-colpensiones\/\" class=\"more-link themebutton\">Leer m\u00e1s<\/a><\/p>\n","protected":false},"author":1,"featured_media":0,"parent":0,"menu_order":0,"comment_status":"open","ping_status":"closed","template":"","meta":{"_mi_skip_tracking":false},"yoast_head":"<!-- This site is optimized with the Yoast SEO plugin v20.1 - https:\/\/yoast.com\/wordpress\/plugins\/seo\/ -->\n<title>Logre su traslado a Colpensiones - Nulidad de Afiliaci\u00f3n - Sinergia PRO - Litigios y Propiedad Intelectual<\/title>\n<meta name=\"description\" content=\"Firma de abogados especializada en Propiedad Intelectual, Derecho Laboral y Seguridad Social, Derecho Corporativo y Registros Sanitarios\" \/>\n<meta name=\"robots\" content=\"index, follow, max-snippet:-1, max-image-preview:large, max-video-preview:-1\" \/>\n<link rel=\"canonical\" href=\"https:\/\/sinergiapro.co\/inicio\/traslados\/\" \/>\n<meta property=\"og:locale\" content=\"es_ES\" \/>\n<meta property=\"og:type\" content=\"article\" \/>\n<meta property=\"og:title\" content=\"Logre su traslado a Colpensiones - Nulidad de Afiliaci\u00f3n - Sinergia PRO - Litigios y Propiedad Intelectual\" \/>\n<meta property=\"og:description\" content=\"Firma de abogados especializada en Propiedad Intelectual, Derecho Laboral y Seguridad Social, Derecho Corporativo y Registros Sanitarios\" \/>\n<meta property=\"og:url\" content=\"https:\/\/sinergiapro.co\/inicio\/traslados\/\" \/>\n<meta property=\"og:site_name\" content=\"Sinergia PRO - Litigios y Propiedad Intelectual\" \/>\n<meta property=\"article:publisher\" content=\"http:\/\/facebook.com\/sinergiapro.co\" \/>\n<meta property=\"article:modified_time\" content=\"2020-05-18T20:51:55+00:00\" \/>\n<meta property=\"og:image\" content=\"https:\/\/sinergiapro.co\/inicio\/wp-content\/uploads\/2019\/05\/WhatsApp-Image-2019-05-22-at-11.48.24-AM-300x300.jpeg\" \/>\n<meta name=\"twitter:card\" content=\"summary_large_image\" \/>\n<meta name=\"twitter:label1\" content=\"Tiempo de lectura\" \/>\n\t<meta name=\"twitter:data1\" content=\"2 minutos\" \/>\n<script type=\"application\/ld+json\" class=\"yoast-schema-graph\">{\"@context\":\"https:\/\/schema.org\",\"@graph\":[{\"@type\":\"WebPage\",\"@id\":\"https:\/\/sinergiapro.co\/inicio\/vuelva-a-colpensiones\/\",\"url\":\"https:\/\/sinergiapro.co\/inicio\/traslados\/\",\"name\":\"Logre su traslado a Colpensiones - Nulidad de Afiliaci\u00f3n - Sinergia PRO - Litigios y Propiedad Intelectual\",\"isPartOf\":{\"@id\":\"https:\/\/sinergiapro.co\/inicio\/#website\"},\"datePublished\":\"2018-08-21T17:15:00+00:00\",\"dateModified\":\"2020-05-18T20:51:55+00:00\",\"description\":\"Firma de abogados especializada en Propiedad Intelectual, Derecho Laboral y Seguridad Social, Derecho Corporativo y Registros Sanitarios\",\"breadcrumb\":{\"@id\":\"https:\/\/sinergiapro.co\/inicio\/traslados\/#breadcrumb\"},\"inLanguage\":\"es\",\"potentialAction\":[{\"@type\":\"ReadAction\",\"target\":[\"https:\/\/sinergiapro.co\/inicio\/traslados\/\"]}]},{\"@type\":\"BreadcrumbList\",\"@id\":\"https:\/\/sinergiapro.co\/inicio\/traslados\/#breadcrumb\",\"itemListElement\":[{\"@type\":\"ListItem\",\"position\":1,\"name\":\"Portada\",\"item\":\"https:\/\/sinergiapro.co\/inicio\/\"},{\"@type\":\"ListItem\",\"position\":2,\"name\":\"Traslado a COLPENSIONES\"}]},{\"@type\":\"WebSite\",\"@id\":\"https:\/\/sinergiapro.co\/inicio\/#website\",\"url\":\"https:\/\/sinergiapro.co\/inicio\/\",\"name\":\"Sinergia PRO - Litigios y Propiedad Intelectual\",\"description\":\"Asesores en Derecho Corporativo, Propiedad Intelectual, Registros Sanitarios y Derecho Laboral\",\"publisher\":{\"@id\":\"https:\/\/sinergiapro.co\/inicio\/#organization\"},\"potentialAction\":[{\"@type\":\"SearchAction\",\"target\":{\"@type\":\"EntryPoint\",\"urlTemplate\":\"https:\/\/sinergiapro.co\/inicio\/?s={search_term_string}\"},\"query-input\":\"required name=search_term_string\"}],\"inLanguage\":\"es\"},{\"@type\":\"Organization\",\"@id\":\"https:\/\/sinergiapro.co\/inicio\/#organization\",\"name\":\"Sinergia PRO\",\"url\":\"https:\/\/sinergiapro.co\/inicio\/\",\"logo\":{\"@type\":\"ImageObject\",\"inLanguage\":\"es\",\"@id\":\"https:\/\/sinergiapro.co\/inicio\/#\/schema\/logo\/image\/\",\"url\":\"http:\/\/sinergiapro.co\/inicio\/wp-content\/uploads\/2019\/03\/Sinergia-PRO.png\",\"contentUrl\":\"http:\/\/sinergiapro.co\/inicio\/wp-content\/uploads\/2019\/03\/Sinergia-PRO.png\",\"width\":1080,\"height\":1055,\"caption\":\"Sinergia PRO\"},\"image\":{\"@id\":\"https:\/\/sinergiapro.co\/inicio\/#\/schema\/logo\/image\/\"},\"sameAs\":[\"http:\/\/facebook.com\/sinergiapro.co\",\"http:\/\/www.instagram.com\/sinergiapro.co\"]}]}<\/script>\n<!-- \/ Yoast SEO plugin. -->","yoast_head_json":{"title":"Logre su traslado a Colpensiones - Nulidad de Afiliaci\u00f3n - Sinergia PRO - Litigios y Propiedad Intelectual","description":"Firma de abogados especializada en Propiedad Intelectual, Derecho Laboral y Seguridad Social, Derecho Corporativo y Registros Sanitarios","robots":{"index":"index","follow":"follow","max-snippet":"max-snippet:-1","max-image-preview":"max-image-preview:large","max-video-preview":"max-video-preview:-1"},"canonical":"https:\/\/sinergiapro.co\/inicio\/traslados\/","og_locale":"es_ES","og_type":"article","og_title":"Logre su traslado a Colpensiones - Nulidad de Afiliaci\u00f3n - Sinergia PRO - Litigios y Propiedad Intelectual","og_description":"Firma de abogados especializada en Propiedad Intelectual, Derecho Laboral y Seguridad Social, Derecho Corporativo y Registros Sanitarios","og_url":"https:\/\/sinergiapro.co\/inicio\/traslados\/","og_site_name":"Sinergia PRO - Litigios y Propiedad Intelectual","article_publisher":"http:\/\/facebook.com\/sinergiapro.co","article_modified_time":"2020-05-18T20:51:55+00:00","og_image":[{"url":"https:\/\/sinergiapro.co\/inicio\/wp-content\/uploads\/2019\/05\/WhatsApp-Image-2019-05-22-at-11.48.24-AM-300x300.jpeg"}],"twitter_card":"summary_large_image","twitter_misc":{"Tiempo de lectura":"2 minutos"},"schema":{"@context":"https:\/\/schema.org","@graph":[{"@type":"WebPage","@id":"https:\/\/sinergiapro.co\/inicio\/vuelva-a-colpensiones\/","url":"https:\/\/sinergiapro.co\/inicio\/traslados\/","name":"Logre su traslado a Colpensiones - Nulidad de Afiliaci\u00f3n - Sinergia PRO - Litigios y Propiedad Intelectual","isPartOf":{"@id":"https:\/\/sinergiapro.co\/inicio\/#website"},"datePublished":"2018-08-21T17:15:00+00:00","dateModified":"2020-05-18T20:51:55+00:00","description":"Firma de abogados especializada en Propiedad Intelectual, Derecho Laboral y Seguridad Social, Derecho Corporativo y Registros Sanitarios","breadcrumb":{"@id":"https:\/\/sinergiapro.co\/inicio\/traslados\/#breadcrumb"},"inLanguage":"es","potentialAction":[{"@type":"ReadAction","target":["https:\/\/sinergiapro.co\/inicio\/traslados\/"]}]},{"@type":"BreadcrumbList","@id":"https:\/\/sinergiapro.co\/inicio\/traslados\/#breadcrumb","itemListElement":[{"@type":"ListItem","position":1,"name":"Portada","item":"https:\/\/sinergiapro.co\/inicio\/"},{"@type":"ListItem","position":2,"name":"Traslado a COLPENSIONES"}]},{"@type":"WebSite","@id":"https:\/\/sinergiapro.co\/inicio\/#website","url":"https:\/\/sinergiapro.co\/inicio\/","name":"Sinergia PRO - Litigios y Propiedad Intelectual","description":"Asesores en Derecho Corporativo, Propiedad Intelectual, Registros Sanitarios y Derecho Laboral","publisher":{"@id":"https:\/\/sinergiapro.co\/inicio\/#organization"},"potentialAction":[{"@type":"SearchAction","target":{"@type":"EntryPoint","urlTemplate":"https:\/\/sinergiapro.co\/inicio\/?s={search_term_string}"},"query-input":"required name=search_term_string"}],"inLanguage":"es"},{"@type":"Organization","@id":"https:\/\/sinergiapro.co\/inicio\/#organization","name":"Sinergia PRO","url":"https:\/\/sinergiapro.co\/inicio\/","logo":{"@type":"ImageObject","inLanguage":"es","@id":"https:\/\/sinergiapro.co\/inicio\/#\/schema\/logo\/image\/","url":"http:\/\/sinergiapro.co\/inicio\/wp-content\/uploads\/2019\/03\/Sinergia-PRO.png","contentUrl":"http:\/\/sinergiapro.co\/inicio\/wp-content\/uploads\/2019\/03\/Sinergia-PRO.png","width":1080,"height":1055,"caption":"Sinergia PRO"},"image":{"@id":"https:\/\/sinergiapro.co\/inicio\/#\/schema\/logo\/image\/"},"sameAs":["http:\/\/facebook.com\/sinergiapro.co","http:\/\/www.instagram.com\/sinergiapro.co"]}]}},"_links":{"self":[{"href":"https:\/\/sinergiapro.co\/inicio\/wp-json\/wp\/v2\/pages\/152"}],"collection":[{"href":"https:\/\/sinergiapro.co\/inicio\/wp-json\/wp\/v2\/pages"}],"about":[{"href":"https:\/\/sinergiapro.co\/inicio\/wp-json\/wp\/v2\/types\/page"}],"author":[{"embeddable":true,"href":"https:\/\/sinergiapro.co\/inicio\/wp-json\/wp\/v2\/users\/1"}],"replies":[{"embeddable":true,"href":"https:\/\/sinergiapro.co\/inicio\/wp-json\/wp\/v2\/comments?post=152"}],"version-history":[{"count":26,"href":"https:\/\/sinergiapro.co\/inicio\/wp-json\/wp\/v2\/pages\/152\/revisions"}],"predecessor-version":[{"id":452,"href":"https:\/\/sinergiapro.co\/inicio\/wp-json\/wp\/v2\/pages\/152\/revisions\/452"}],"wp:attachment":[{"href":"https:\/\/sinergiapro.co\/inicio\/wp-json\/wp\/v2\/media?parent=152"}],"curies":[{"name":"wp","href":"https:\/\/api.w.org\/{rel}","templated":true}]}}