{"id":244,"date":"2018-12-14T19:21:23","date_gmt":"2018-12-14T19:21:23","guid":{"rendered":"https:\/\/sinergiapro.co\/inicio\/?page_id=244"},"modified":"2019-01-15T15:02:38","modified_gmt":"2019-01-15T15:02:38","slug":"nuestro-blog","status":"publish","type":"page","link":"https:\/\/sinergiapro.co\/inicio\/nuestro-blog\/","title":{"rendered":"Blog"},"content":{"rendered":"\n<figure class=\"wp-block-image is-resized\"><img loading=\"lazy\" src=\"https:\/\/sinergiapro.co\/inicio\/wp-content\/uploads\/2018\/12\/blogging-computer-desk-34658-1024x683.jpg\" alt=\"\" class=\"wp-image-254\" width=\"382\" height=\"254\"\/><\/figure>\n\n\n\n<p>En este secci\u00f3n publicamos art\u00edculos de inter\u00e9s para nuestros clientes y visitantes<\/p>\n\n\n\n<p class=\"has-text-color has-medium-font-size has-vivid-red-color\"><a href=\"https:\/\/sinergiapro.co\/inicio\/2018\/12\/12\/el-registro-de-marcas-un-ejercicio-de-coherencia-empresarial\/\"><strong><em>EL REGISTRO DE MARCAS: UN EJERCICIO DE COHERENCIA EMPRESARIAL<\/em><\/strong><\/a><\/p>\n\n\n\n<p><strong>Sinergia PRO<\/strong><br>Litigios y Propiedad Intelectual<br>Av. Cra 19 # 125 \u2013 65 Oficina 402, Bogot\u00e1 D.C<br>Tel\u00e9fono:  3195325857 <\/p>\n","protected":false},"excerpt":{"rendered":"<p>En este secci\u00f3n publicamos art\u00edculos de inter\u00e9s para nuestros clientes y visitantes EL REGISTRO DE MARCAS: UN EJERCICIO DE COHERENCIA EMPRESARIAL Sinergia PROLitigios y Propiedad IntelectualAv. Cra 19 # 125 \u2013 65 Oficina 402, Bogot\u00e1 D.CTel\u00e9fono: 3195325857<\/p>\n","protected":false},"author":1,"featured_media":0,"parent":0,"menu_order":6,"comment_status":"closed","ping_status":"closed","template":"","meta":{"_mi_skip_tracking":false},"yoast_head":"<!-- This site is optimized with the Yoast SEO plugin v20.1 - https:\/\/yoast.com\/wordpress\/plugins\/seo\/ -->\n<title>Blog - Sinergia PRO - Litigios y Propiedad Intelectual<\/title>\n<meta name=\"description\" content=\"Firma de abogados especializada en Propiedad Intelectual, Derecho Laboral y Seguridad Social, Derecho Corporativo y Registros Sanitarios\" \/>\n<meta name=\"robots\" content=\"index, follow, max-snippet:-1, max-image-preview:large, max-video-preview:-1\" \/>\n<link rel=\"canonical\" href=\"https:\/\/sinergiapro.co\/inicio\/nuestro-blog\/\" \/>\n<meta property=\"og:locale\" content=\"es_ES\" \/>\n<meta property=\"og:type\" content=\"article\" \/>\n<meta property=\"og:title\" content=\"Blog - Sinergia PRO - Litigios y Propiedad Intelectual\" \/>\n<meta property=\"og:description\" content=\"Firma de abogados especializada en Propiedad Intelectual, Derecho Laboral y Seguridad Social, Derecho Corporativo y Registros Sanitarios\" \/>\n<meta property=\"og:url\" content=\"https:\/\/sinergiapro.co\/inicio\/nuestro-blog\/\" \/>\n<meta property=\"og:site_name\" content=\"Sinergia PRO - Litigios y Propiedad Intelectual\" \/>\n<meta property=\"article:publisher\" content=\"http:\/\/facebook.com\/sinergiapro.co\" \/>\n<meta property=\"article:modified_time\" content=\"2019-01-15T15:02:38+00:00\" \/>\n<meta property=\"og:image\" content=\"https:\/\/sinergiapro.co\/inicio\/wp-content\/uploads\/2018\/12\/blogging-computer-desk-34658-1024x683.jpg\" \/>\n<meta name=\"twitter:card\" content=\"summary_large_image\" \/>\n<script type=\"application\/ld+json\" class=\"yoast-schema-graph\">{\"@context\":\"https:\/\/schema.org\",\"@graph\":[{\"@type\":\"WebPage\",\"@id\":\"https:\/\/sinergiapro.co\/inicio\/nuestro-blog\/\",\"url\":\"https:\/\/sinergiapro.co\/inicio\/nuestro-blog\/\",\"name\":\"Blog - Sinergia PRO - Litigios y Propiedad Intelectual\",\"isPartOf\":{\"@id\":\"https:\/\/sinergiapro.co\/inicio\/#website\"},\"datePublished\":\"2018-12-14T19:21:23+00:00\",\"dateModified\":\"2019-01-15T15:02:38+00:00\",\"description\":\"Firma de abogados especializada en Propiedad Intelectual, Derecho Laboral y Seguridad Social, Derecho Corporativo y Registros Sanitarios\",\"breadcrumb\":{\"@id\":\"https:\/\/sinergiapro.co\/inicio\/nuestro-blog\/#breadcrumb\"},\"inLanguage\":\"es\",\"potentialAction\":[{\"@type\":\"ReadAction\",\"target\":[\"https:\/\/sinergiapro.co\/inicio\/nuestro-blog\/\"]}]},{\"@type\":\"BreadcrumbList\",\"@id\":\"https:\/\/sinergiapro.co\/inicio\/nuestro-blog\/#breadcrumb\",\"itemListElement\":[{\"@type\":\"ListItem\",\"position\":1,\"name\":\"Portada\",\"item\":\"https:\/\/sinergiapro.co\/inicio\/\"},{\"@type\":\"ListItem\",\"position\":2,\"name\":\"Blog\"}]},{\"@type\":\"WebSite\",\"@id\":\"https:\/\/sinergiapro.co\/inicio\/#website\",\"url\":\"https:\/\/sinergiapro.co\/inicio\/\",\"name\":\"Sinergia PRO - Litigios y Propiedad Intelectual\",\"description\":\"Asesores en Derecho Corporativo, Propiedad Intelectual, Registros Sanitarios y Derecho Laboral\",\"publisher\":{\"@id\":\"https:\/\/sinergiapro.co\/inicio\/#organization\"},\"potentialAction\":[{\"@type\":\"SearchAction\",\"target\":{\"@type\":\"EntryPoint\",\"urlTemplate\":\"https:\/\/sinergiapro.co\/inicio\/?s={search_term_string}\"},\"query-input\":\"required name=search_term_string\"}],\"inLanguage\":\"es\"},{\"@type\":\"Organization\",\"@id\":\"https:\/\/sinergiapro.co\/inicio\/#organization\",\"name\":\"Sinergia PRO\",\"url\":\"https:\/\/sinergiapro.co\/inicio\/\",\"logo\":{\"@type\":\"ImageObject\",\"inLanguage\":\"es\",\"@id\":\"https:\/\/sinergiapro.co\/inicio\/#\/schema\/logo\/image\/\",\"url\":\"http:\/\/sinergiapro.co\/inicio\/wp-content\/uploads\/2019\/03\/Sinergia-PRO.png\",\"contentUrl\":\"http:\/\/sinergiapro.co\/inicio\/wp-content\/uploads\/2019\/03\/Sinergia-PRO.png\",\"width\":1080,\"height\":1055,\"caption\":\"Sinergia PRO\"},\"image\":{\"@id\":\"https:\/\/sinergiapro.co\/inicio\/#\/schema\/logo\/image\/\"},\"sameAs\":[\"http:\/\/facebook.com\/sinergiapro.co\",\"http:\/\/www.instagram.com\/sinergiapro.co\"]}]}<\/script>\n<!-- \/ Yoast SEO plugin. -->","yoast_head_json":{"title":"Blog - Sinergia PRO - Litigios y Propiedad Intelectual","description":"Firma de abogados especializada en Propiedad Intelectual, Derecho Laboral y Seguridad Social, Derecho Corporativo y Registros Sanitarios","robots":{"index":"index","follow":"follow","max-snippet":"max-snippet:-1","max-image-preview":"max-image-preview:large","max-video-preview":"max-video-preview:-1"},"canonical":"https:\/\/sinergiapro.co\/inicio\/nuestro-blog\/","og_locale":"es_ES","og_type":"article","og_title":"Blog - Sinergia PRO - Litigios y Propiedad Intelectual","og_description":"Firma de abogados especializada en Propiedad Intelectual, Derecho Laboral y Seguridad Social, Derecho Corporativo y Registros Sanitarios","og_url":"https:\/\/sinergiapro.co\/inicio\/nuestro-blog\/","og_site_name":"Sinergia PRO - Litigios y Propiedad Intelectual","article_publisher":"http:\/\/facebook.com\/sinergiapro.co","article_modified_time":"2019-01-15T15:02:38+00:00","og_image":[{"url":"https:\/\/sinergiapro.co\/inicio\/wp-content\/uploads\/2018\/12\/blogging-computer-desk-34658-1024x683.jpg"}],"twitter_card":"summary_large_image","schema":{"@context":"https:\/\/schema.org","@graph":[{"@type":"WebPage","@id":"https:\/\/sinergiapro.co\/inicio\/nuestro-blog\/","url":"https:\/\/sinergiapro.co\/inicio\/nuestro-blog\/","name":"Blog - Sinergia PRO - Litigios y Propiedad Intelectual","isPartOf":{"@id":"https:\/\/sinergiapro.co\/inicio\/#website"},"datePublished":"2018-12-14T19:21:23+00:00","dateModified":"2019-01-15T15:02:38+00:00","description":"Firma de abogados especializada en Propiedad Intelectual, Derecho Laboral y Seguridad Social, Derecho Corporativo y Registros Sanitarios","breadcrumb":{"@id":"https:\/\/sinergiapro.co\/inicio\/nuestro-blog\/#breadcrumb"},"inLanguage":"es","potentialAction":[{"@type":"ReadAction","target":["https:\/\/sinergiapro.co\/inicio\/nuestro-blog\/"]}]},{"@type":"BreadcrumbList","@id":"https:\/\/sinergiapro.co\/inicio\/nuestro-blog\/#breadcrumb","itemListElement":[{"@type":"ListItem","position":1,"name":"Portada","item":"https:\/\/sinergiapro.co\/inicio\/"},{"@type":"ListItem","position":2,"name":"Blog"}]},{"@type":"WebSite","@id":"https:\/\/sinergiapro.co\/inicio\/#website","url":"https:\/\/sinergiapro.co\/inicio\/","name":"Sinergia PRO - Litigios y Propiedad Intelectual","description":"Asesores en Derecho Corporativo, Propiedad Intelectual, Registros Sanitarios y Derecho Laboral","publisher":{"@id":"https:\/\/sinergiapro.co\/inicio\/#organization"},"potentialAction":[{"@type":"SearchAction","target":{"@type":"EntryPoint","urlTemplate":"https:\/\/sinergiapro.co\/inicio\/?s={search_term_string}"},"query-input":"required name=search_term_string"}],"inLanguage":"es"},{"@type":"Organization","@id":"https:\/\/sinergiapro.co\/inicio\/#organization","name":"Sinergia PRO","url":"https:\/\/sinergiapro.co\/inicio\/","logo":{"@type":"ImageObject","inLanguage":"es","@id":"https:\/\/sinergiapro.co\/inicio\/#\/schema\/logo\/image\/","url":"http:\/\/sinergiapro.co\/inicio\/wp-content\/uploads\/2019\/03\/Sinergia-PRO.png","contentUrl":"http:\/\/sinergiapro.co\/inicio\/wp-content\/uploads\/2019\/03\/Sinergia-PRO.png","width":1080,"height":1055,"caption":"Sinergia PRO"},"image":{"@id":"https:\/\/sinergiapro.co\/inicio\/#\/schema\/logo\/image\/"},"sameAs":["http:\/\/facebook.com\/sinergiapro.co","http:\/\/www.instagram.com\/sinergiapro.co"]}]}},"_links":{"self":[{"href":"https:\/\/sinergiapro.co\/inicio\/wp-json\/wp\/v2\/pages\/244"}],"collection":[{"href":"https:\/\/sinergiapro.co\/inicio\/wp-json\/wp\/v2\/pages"}],"about":[{"href":"https:\/\/sinergiapro.co\/inicio\/wp-json\/wp\/v2\/types\/page"}],"author":[{"embeddable":true,"href":"https:\/\/sinergiapro.co\/inicio\/wp-json\/wp\/v2\/users\/1"}],"replies":[{"embeddable":true,"href":"https:\/\/sinergiapro.co\/inicio\/wp-json\/wp\/v2\/comments?post=244"}],"version-history":[{"count":12,"href":"https:\/\/sinergiapro.co\/inicio\/wp-json\/wp\/v2\/pages\/244\/revisions"}],"predecessor-version":[{"id":278,"href":"https:\/\/sinergiapro.co\/inicio\/wp-json\/wp\/v2\/pages\/244\/revisions\/278"}],"wp:attachment":[{"href":"https:\/\/sinergiapro.co\/inicio\/wp-json\/wp\/v2\/media?parent=244"}],"curies":[{"name":"wp","href":"https:\/\/api.w.org\/{rel}","templated":true}]}}