{"id":59,"date":"2018-08-02T15:00:35","date_gmt":"2018-08-02T15:00:35","guid":{"rendered":"https:\/\/sinergiapro.co\/inicio\/?page_id=59"},"modified":"2019-05-03T00:07:59","modified_gmt":"2019-05-03T00:07:59","slug":"propiedad-intelectual","status":"publish","type":"page","link":"https:\/\/sinergiapro.co\/inicio\/propiedad-intelectual\/","title":{"rendered":"Propiedad Intelectual"},"content":{"rendered":"<h2 style=\"text-align: center;\"><strong>Registro de Marcas<\/strong><\/h2>\n<p><img loading=\"lazy\" class=\"size-medium wp-image-74 aligncenter\" src=\"https:\/\/sinergiapro.co\/inicio\/wp-content\/uploads\/2018\/08\/nicolai-berntsen-9244-unsplash-300x200.jpg\" alt=\"\" width=\"300\" height=\"200\" srcset=\"https:\/\/sinergiapro.co\/inicio\/wp-content\/uploads\/2018\/08\/nicolai-berntsen-9244-unsplash-300x200.jpg 300w, https:\/\/sinergiapro.co\/inicio\/wp-content\/uploads\/2018\/08\/nicolai-berntsen-9244-unsplash-768x512.jpg 768w, https:\/\/sinergiapro.co\/inicio\/wp-content\/uploads\/2018\/08\/nicolai-berntsen-9244-unsplash-1024x683.jpg 1024w, https:\/\/sinergiapro.co\/inicio\/wp-content\/uploads\/2018\/08\/nicolai-berntsen-9244-unsplash-960x640.jpg 960w, https:\/\/sinergiapro.co\/inicio\/wp-content\/uploads\/2018\/08\/nicolai-berntsen-9244-unsplash-480x320.jpg 480w, https:\/\/sinergiapro.co\/inicio\/wp-content\/uploads\/2018\/08\/nicolai-berntsen-9244-unsplash-320x213.jpg 320w, https:\/\/sinergiapro.co\/inicio\/wp-content\/uploads\/2018\/08\/nicolai-berntsen-9244-unsplash-240x160.jpg 240w\" sizes=\"(max-width: 300px) 100vw, 300px\" \/><\/p>\n<h1 style=\"text-align: center;\">\u00abLa marca registrada es la huella digital del emprendedor en el mercado\u00bb<\/h1>\n<h4><span style=\"color: #000000;\">Para la firma es importante que nuestros clientes PROyecten su imagen y se identifiquen en el mercado como empresarios individualizados, para lo cual hemos desarrollado un portafolio de servicios que otorgue Derechos Exclusivos, libres de confusi\u00f3n con terceros con respecto de su <\/span><span style=\"color: #000000;\">producto o servicio.<\/span><\/h4>\n<h4><span style=\"color: #000000;\">Este tr\u00e1mite permite que en aproximadamente seis meses, el empresario pueda obtener el registro de su marca y no se exponga a riesgos ni a actuaciones desleales por parte de terceros que pretendan aprovechar el buen nombre de su compa\u00f1\u00eda.<\/span><\/h4>\n<h4><span style=\"color: #000000;\">\u00bfEn que consiste este tr\u00e1mite?<\/span><\/h4>\n<ul>\n<li>\n<h4><span style=\"color: #000000;\">En proteger su logo, lema comercial y en general todos los signos distintivos que componen la imagen de su empresa, previa verificaci\u00f3n de antecedentes registrados para que su marca sea viable y no se arriesgue a recibir oposiciones.<\/span><\/h4>\n<\/li>\n<\/ul>\n<h4><span style=\"color: #000000;\">\u00bfAnte quien se lleva a cabo?<\/span><\/h4>\n<ul>\n<li>\n<h4><span style=\"color: #000000;\">La entidad encargada de conocer estas solicitudes es la Superintendencia de Industria y Comercio.<\/span><\/h4>\n<\/li>\n<\/ul>\n<h4><span style=\"color: #000000;\">\u00bfEs necesario estar en Bogot\u00e1 para el tr\u00e1mite?<\/span><\/h4>\n<ul>\n<li>\n<h4><span style=\"color: #000000;\">No, el tr\u00e1mite puede hacerse totalmente en linea, somos usuarios registrados y contamos con las credenciales de acceso al portal de la Superintendencia de Industria y Comercio para adelantar satisfactoriamente este proceso.<\/span><\/h4>\n<\/li>\n<\/ul>\n<h4><\/h4>\n<h4><span style=\"color: #ff0000;\">Nuestros servicios son econ\u00f3micos y eficientes. Dise\u00f1ados para que ahorre tiempo y dinero.\u00a0<\/span><\/h4>\n<h4><span style=\"color: #000000;\">Solicite mas informaci\u00f3n <a style=\"color: #000000;\" href=\"http:\/\/www.sinergiapro.co\/inicio\/contacto\">aqu\u00ed<\/a><\/span><\/h4>\n<h2 style=\"text-align: center;\"><span style=\"color: #000000;\"><strong>Patentes &amp; Dise\u00f1os Industriales<\/strong><\/span><\/h2>\n<p><img loading=\"lazy\" class=\"size-medium wp-image-96 aligncenter\" src=\"https:\/\/sinergiapro.co\/inicio\/wp-content\/uploads\/2018\/08\/architect-architectural-design-architecture-595847-300x200.jpg\" alt=\"\" width=\"300\" height=\"200\" srcset=\"https:\/\/sinergiapro.co\/inicio\/wp-content\/uploads\/2018\/08\/architect-architectural-design-architecture-595847-300x200.jpg 300w, https:\/\/sinergiapro.co\/inicio\/wp-content\/uploads\/2018\/08\/architect-architectural-design-architecture-595847-768x512.jpg 768w, https:\/\/sinergiapro.co\/inicio\/wp-content\/uploads\/2018\/08\/architect-architectural-design-architecture-595847-1024x683.jpg 1024w, https:\/\/sinergiapro.co\/inicio\/wp-content\/uploads\/2018\/08\/architect-architectural-design-architecture-595847-960x640.jpg 960w, https:\/\/sinergiapro.co\/inicio\/wp-content\/uploads\/2018\/08\/architect-architectural-design-architecture-595847-480x320.jpg 480w, https:\/\/sinergiapro.co\/inicio\/wp-content\/uploads\/2018\/08\/architect-architectural-design-architecture-595847-320x213.jpg 320w, https:\/\/sinergiapro.co\/inicio\/wp-content\/uploads\/2018\/08\/architect-architectural-design-architecture-595847-240x160.jpg 240w\" sizes=\"(max-width: 300px) 100vw, 300px\" \/><\/p>\n<h4><span style=\"color: #000000;\">Somos conscientes del esfuerzo y la planificaci\u00f3n necesarios para el desarrollo de una Invenci\u00f3n y\/o un Dise\u00f1o Industrial, con esto en mente estamos preparados para prestar una asesor\u00eda efectiva, estrat\u00e9gica, en el marco de la confidencialidad y con estricto cumplimiento de los requerimientos legales y t\u00e9cnicos que las normas internacionales han previsto para acceder a la protecci\u00f3n de las creaciones en que nuestros clientes han invertido tiempo y dinero.<\/span><\/h4>\n<h4><span style=\"color: #000000;\">&#8211; Redacci\u00f3n de Documentaci\u00f3n T\u00e9cnica para solicitudes de Patente y Dise\u00f1o Industrial<\/span><br \/>\n<span style=\"color: #000000;\">&#8211; Representaci\u00f3n en caso de infracciones de propiedad Industrial<\/span><br \/>\n<span style=\"color: #000000;\">&#8211; Presentaci\u00f3n de dibujos y planos<\/span><br \/>\n<span style=\"color: #000000;\">&#8211; B\u00fasqueda de patentes y actualizaci\u00f3n del estado de la t\u00e9cnica<\/span><\/h4>\n<p><strong>Sinergia PRO<\/strong><br \/>\nLitigios y Propiedad Intelectual<br \/>\nAv. Cra 19 # 125 &#8211; 65 Oficina 402, Bogot\u00e1 D.C<br \/>\nTel\u00e9fono:\u00a03195325857<\/p>\n","protected":false},"excerpt":{"rendered":"<p>Registro de Marcas \u00abLa marca registrada es la huella digital del emprendedor en el mercado\u00bb Para la firma es importante que nuestros clientes PROyecten su imagen y se identifiquen en el mercado como empresarios individualizados, para lo cual hemos desarrollado un portafolio de servicios que otorgue Derechos Exclusivos, libres de confusi\u00f3n con terceros con respecto<\/p>\n<p><a href=\"https:\/\/sinergiapro.co\/inicio\/propiedad-intelectual\/\" class=\"more-link themebutton\">Leer m\u00e1s<\/a><\/p>\n","protected":false},"author":1,"featured_media":0,"parent":0,"menu_order":1,"comment_status":"closed","ping_status":"closed","template":"","meta":{"_mi_skip_tracking":false},"yoast_head":"<!-- This site is optimized with the Yoast SEO plugin v20.1 - https:\/\/yoast.com\/wordpress\/plugins\/seo\/ -->\n<title>Propiedad Intelectual - Sinergia PRO - Litigios y Propiedad Intelectual<\/title>\n<meta name=\"description\" content=\"Firma de abogados especializada en Propiedad Intelectual, Derecho Laboral y Seguridad Social, Derecho Corporativo y Registros Sanitarios\" \/>\n<meta name=\"robots\" content=\"index, follow, max-snippet:-1, max-image-preview:large, max-video-preview:-1\" \/>\n<link rel=\"canonical\" href=\"https:\/\/sinergiapro.co\/inicio\/propiedad-intelectual\/\" \/>\n<meta property=\"og:locale\" content=\"es_ES\" \/>\n<meta property=\"og:type\" content=\"article\" \/>\n<meta property=\"og:title\" content=\"Propiedad Intelectual - Sinergia PRO - Litigios y Propiedad Intelectual\" \/>\n<meta property=\"og:description\" content=\"Firma de abogados especializada en Propiedad Intelectual, Derecho Laboral y Seguridad Social, Derecho Corporativo y Registros Sanitarios\" \/>\n<meta property=\"og:url\" content=\"https:\/\/sinergiapro.co\/inicio\/propiedad-intelectual\/\" \/>\n<meta property=\"og:site_name\" content=\"Sinergia PRO - Litigios y Propiedad Intelectual\" \/>\n<meta property=\"article:publisher\" content=\"http:\/\/facebook.com\/sinergiapro.co\" \/>\n<meta property=\"article:modified_time\" content=\"2019-05-03T00:07:59+00:00\" \/>\n<meta property=\"og:image\" content=\"https:\/\/sinergiapro.co\/inicio\/wp-content\/uploads\/2018\/08\/nicolai-berntsen-9244-unsplash-300x200.jpg\" \/>\n<meta name=\"twitter:card\" content=\"summary_large_image\" \/>\n<meta name=\"twitter:label1\" content=\"Tiempo de lectura\" \/>\n\t<meta name=\"twitter:data1\" content=\"2 minutos\" \/>\n<script type=\"application\/ld+json\" class=\"yoast-schema-graph\">{\"@context\":\"https:\/\/schema.org\",\"@graph\":[{\"@type\":\"WebPage\",\"@id\":\"https:\/\/sinergiapro.co\/inicio\/propiedad-intelectual\/\",\"url\":\"https:\/\/sinergiapro.co\/inicio\/propiedad-intelectual\/\",\"name\":\"Propiedad Intelectual - Sinergia PRO - Litigios y Propiedad Intelectual\",\"isPartOf\":{\"@id\":\"https:\/\/sinergiapro.co\/inicio\/#website\"},\"datePublished\":\"2018-08-02T15:00:35+00:00\",\"dateModified\":\"2019-05-03T00:07:59+00:00\",\"description\":\"Firma de abogados especializada en Propiedad Intelectual, Derecho Laboral y Seguridad Social, Derecho Corporativo y Registros Sanitarios\",\"breadcrumb\":{\"@id\":\"https:\/\/sinergiapro.co\/inicio\/propiedad-intelectual\/#breadcrumb\"},\"inLanguage\":\"es\",\"potentialAction\":[{\"@type\":\"ReadAction\",\"target\":[\"https:\/\/sinergiapro.co\/inicio\/propiedad-intelectual\/\"]}]},{\"@type\":\"BreadcrumbList\",\"@id\":\"https:\/\/sinergiapro.co\/inicio\/propiedad-intelectual\/#breadcrumb\",\"itemListElement\":[{\"@type\":\"ListItem\",\"position\":1,\"name\":\"Portada\",\"item\":\"https:\/\/sinergiapro.co\/inicio\/\"},{\"@type\":\"ListItem\",\"position\":2,\"name\":\"Propiedad Intelectual\"}]},{\"@type\":\"WebSite\",\"@id\":\"https:\/\/sinergiapro.co\/inicio\/#website\",\"url\":\"https:\/\/sinergiapro.co\/inicio\/\",\"name\":\"Sinergia PRO - Litigios y Propiedad Intelectual\",\"description\":\"Asesores en Derecho Corporativo, Propiedad Intelectual, Registros Sanitarios y Derecho Laboral\",\"publisher\":{\"@id\":\"https:\/\/sinergiapro.co\/inicio\/#organization\"},\"potentialAction\":[{\"@type\":\"SearchAction\",\"target\":{\"@type\":\"EntryPoint\",\"urlTemplate\":\"https:\/\/sinergiapro.co\/inicio\/?s={search_term_string}\"},\"query-input\":\"required name=search_term_string\"}],\"inLanguage\":\"es\"},{\"@type\":\"Organization\",\"@id\":\"https:\/\/sinergiapro.co\/inicio\/#organization\",\"name\":\"Sinergia PRO\",\"url\":\"https:\/\/sinergiapro.co\/inicio\/\",\"logo\":{\"@type\":\"ImageObject\",\"inLanguage\":\"es\",\"@id\":\"https:\/\/sinergiapro.co\/inicio\/#\/schema\/logo\/image\/\",\"url\":\"http:\/\/sinergiapro.co\/inicio\/wp-content\/uploads\/2019\/03\/Sinergia-PRO.png\",\"contentUrl\":\"http:\/\/sinergiapro.co\/inicio\/wp-content\/uploads\/2019\/03\/Sinergia-PRO.png\",\"width\":1080,\"height\":1055,\"caption\":\"Sinergia PRO\"},\"image\":{\"@id\":\"https:\/\/sinergiapro.co\/inicio\/#\/schema\/logo\/image\/\"},\"sameAs\":[\"http:\/\/facebook.com\/sinergiapro.co\",\"http:\/\/www.instagram.com\/sinergiapro.co\"]}]}<\/script>\n<!-- \/ Yoast SEO plugin. -->","yoast_head_json":{"title":"Propiedad Intelectual - Sinergia PRO - Litigios y Propiedad Intelectual","description":"Firma de abogados especializada en Propiedad Intelectual, Derecho Laboral y Seguridad Social, Derecho Corporativo y Registros Sanitarios","robots":{"index":"index","follow":"follow","max-snippet":"max-snippet:-1","max-image-preview":"max-image-preview:large","max-video-preview":"max-video-preview:-1"},"canonical":"https:\/\/sinergiapro.co\/inicio\/propiedad-intelectual\/","og_locale":"es_ES","og_type":"article","og_title":"Propiedad Intelectual - Sinergia PRO - Litigios y Propiedad Intelectual","og_description":"Firma de abogados especializada en Propiedad Intelectual, Derecho Laboral y Seguridad Social, Derecho Corporativo y Registros Sanitarios","og_url":"https:\/\/sinergiapro.co\/inicio\/propiedad-intelectual\/","og_site_name":"Sinergia PRO - Litigios y Propiedad Intelectual","article_publisher":"http:\/\/facebook.com\/sinergiapro.co","article_modified_time":"2019-05-03T00:07:59+00:00","og_image":[{"url":"https:\/\/sinergiapro.co\/inicio\/wp-content\/uploads\/2018\/08\/nicolai-berntsen-9244-unsplash-300x200.jpg"}],"twitter_card":"summary_large_image","twitter_misc":{"Tiempo de lectura":"2 minutos"},"schema":{"@context":"https:\/\/schema.org","@graph":[{"@type":"WebPage","@id":"https:\/\/sinergiapro.co\/inicio\/propiedad-intelectual\/","url":"https:\/\/sinergiapro.co\/inicio\/propiedad-intelectual\/","name":"Propiedad Intelectual - Sinergia PRO - Litigios y Propiedad Intelectual","isPartOf":{"@id":"https:\/\/sinergiapro.co\/inicio\/#website"},"datePublished":"2018-08-02T15:00:35+00:00","dateModified":"2019-05-03T00:07:59+00:00","description":"Firma de abogados especializada en Propiedad Intelectual, Derecho Laboral y Seguridad Social, Derecho Corporativo y Registros Sanitarios","breadcrumb":{"@id":"https:\/\/sinergiapro.co\/inicio\/propiedad-intelectual\/#breadcrumb"},"inLanguage":"es","potentialAction":[{"@type":"ReadAction","target":["https:\/\/sinergiapro.co\/inicio\/propiedad-intelectual\/"]}]},{"@type":"BreadcrumbList","@id":"https:\/\/sinergiapro.co\/inicio\/propiedad-intelectual\/#breadcrumb","itemListElement":[{"@type":"ListItem","position":1,"name":"Portada","item":"https:\/\/sinergiapro.co\/inicio\/"},{"@type":"ListItem","position":2,"name":"Propiedad Intelectual"}]},{"@type":"WebSite","@id":"https:\/\/sinergiapro.co\/inicio\/#website","url":"https:\/\/sinergiapro.co\/inicio\/","name":"Sinergia PRO - Litigios y Propiedad Intelectual","description":"Asesores en Derecho Corporativo, Propiedad Intelectual, Registros Sanitarios y Derecho Laboral","publisher":{"@id":"https:\/\/sinergiapro.co\/inicio\/#organization"},"potentialAction":[{"@type":"SearchAction","target":{"@type":"EntryPoint","urlTemplate":"https:\/\/sinergiapro.co\/inicio\/?s={search_term_string}"},"query-input":"required name=search_term_string"}],"inLanguage":"es"},{"@type":"Organization","@id":"https:\/\/sinergiapro.co\/inicio\/#organization","name":"Sinergia PRO","url":"https:\/\/sinergiapro.co\/inicio\/","logo":{"@type":"ImageObject","inLanguage":"es","@id":"https:\/\/sinergiapro.co\/inicio\/#\/schema\/logo\/image\/","url":"http:\/\/sinergiapro.co\/inicio\/wp-content\/uploads\/2019\/03\/Sinergia-PRO.png","contentUrl":"http:\/\/sinergiapro.co\/inicio\/wp-content\/uploads\/2019\/03\/Sinergia-PRO.png","width":1080,"height":1055,"caption":"Sinergia PRO"},"image":{"@id":"https:\/\/sinergiapro.co\/inicio\/#\/schema\/logo\/image\/"},"sameAs":["http:\/\/facebook.com\/sinergiapro.co","http:\/\/www.instagram.com\/sinergiapro.co"]}]}},"_links":{"self":[{"href":"https:\/\/sinergiapro.co\/inicio\/wp-json\/wp\/v2\/pages\/59"}],"collection":[{"href":"https:\/\/sinergiapro.co\/inicio\/wp-json\/wp\/v2\/pages"}],"about":[{"href":"https:\/\/sinergiapro.co\/inicio\/wp-json\/wp\/v2\/types\/page"}],"author":[{"embeddable":true,"href":"https:\/\/sinergiapro.co\/inicio\/wp-json\/wp\/v2\/users\/1"}],"replies":[{"embeddable":true,"href":"https:\/\/sinergiapro.co\/inicio\/wp-json\/wp\/v2\/comments?post=59"}],"version-history":[{"count":42,"href":"https:\/\/sinergiapro.co\/inicio\/wp-json\/wp\/v2\/pages\/59\/revisions"}],"predecessor-version":[{"id":399,"href":"https:\/\/sinergiapro.co\/inicio\/wp-json\/wp\/v2\/pages\/59\/revisions\/399"}],"wp:attachment":[{"href":"https:\/\/sinergiapro.co\/inicio\/wp-json\/wp\/v2\/media?parent=59"}],"curies":[{"name":"wp","href":"https:\/\/api.w.org\/{rel}","templated":true}]}}