{"id":61,"date":"2018-08-02T15:01:06","date_gmt":"2018-08-02T15:01:06","guid":{"rendered":"https:\/\/sinergiapro.co\/inicio\/?page_id=61"},"modified":"2020-05-18T21:49:28","modified_gmt":"2020-05-18T21:49:28","slug":"corporativo","status":"publish","type":"page","link":"https:\/\/sinergiapro.co\/inicio\/corporativo\/","title":{"rendered":"Derecho Corporativo"},"content":{"rendered":"<h2 style=\"text-align: center;\"><strong>Asesor\u00eda Legal para su empresa<\/strong><\/h2>\n<p><img loading=\"lazy\" class=\"size-medium wp-image-114 aligncenter\" src=\"https:\/\/sinergiapro.co\/inicio\/wp-content\/uploads\/2018\/08\/adult-business-chairs-1181304-300x200.jpg\" alt=\"\" width=\"300\" height=\"200\" srcset=\"https:\/\/sinergiapro.co\/inicio\/wp-content\/uploads\/2018\/08\/adult-business-chairs-1181304-300x200.jpg 300w, https:\/\/sinergiapro.co\/inicio\/wp-content\/uploads\/2018\/08\/adult-business-chairs-1181304-768x513.jpg 768w, https:\/\/sinergiapro.co\/inicio\/wp-content\/uploads\/2018\/08\/adult-business-chairs-1181304-1024x684.jpg 1024w, https:\/\/sinergiapro.co\/inicio\/wp-content\/uploads\/2018\/08\/adult-business-chairs-1181304-960x640.jpg 960w, https:\/\/sinergiapro.co\/inicio\/wp-content\/uploads\/2018\/08\/adult-business-chairs-1181304-480x320.jpg 480w, https:\/\/sinergiapro.co\/inicio\/wp-content\/uploads\/2018\/08\/adult-business-chairs-1181304-320x213.jpg 320w, https:\/\/sinergiapro.co\/inicio\/wp-content\/uploads\/2018\/08\/adult-business-chairs-1181304-240x160.jpg 240w\" sizes=\"(max-width: 300px) 100vw, 300px\" \/><\/p>\n<h4><span style=\"color: #000000;\">Tenemos planes dise\u00f1ados de acuerdo a las necesidades de su empresa. Contamos la experiencia y el conocimiento para asesorar su organizaci\u00f3n en materia contractual, laboral, societaria y en general para dar cumplimiento a requerimientos legales a los que est\u00e1 expuesta su compa\u00f1\u00eda.<\/span><\/h4>\n<h4><span style=\"color: #000000;\">Como especialistas en derecho de los negocios, naturalmente brindamos una visi\u00f3n y capacidad para hacer un diagn\u00f3stico acertado y minucioso que permita minimizar riesgos y sacar provecho a su PROyecto empresarial mientras ahorra los costos asociados a tener un abogado de planta al interior de su organizaci\u00f3n.<\/span><\/h4>\n<h4><span style=\"color: #000000;\">De igual forma, permitimos que el nuevo empresario moldee su idea de negocio y evite dar pasos en falso en la consolidaci\u00f3n de su emprendimiento recibiendo acompa\u00f1amiento de expertos que han recorrido anteriormente este camino y que han sido pieza clave en la formaci\u00f3n de otras organizaciones.\u00a0<\/span><\/h4>\n<h4><span style=\"color: #000000;\">Cont\u00e1ctenos y solicite su cotizaci\u00f3n. Tenemos planes dise\u00f1ados acorde con la complejidad y tama\u00f1o de su organizaci\u00f3n, sin embargo, a trav\u00e9s de nuestro m\u00e9todo DIPL (Diagn\u00f3stico Integrado de Procesos Legales), analizaremos a fondo los requerimientos espec\u00edficos acorde con las necesidades de su organizaci\u00f3n.<\/span><\/h4>\n<h4>Nuestros planes tienen un rango de costos a partir de 1\/2 salario m\u00ednimo mensual hasta 2 SMMLV, dependiendo de la complejidad de sus necesidades estrat\u00e9gicas.<\/h4>\n<h4>Agende su cita virtual v\u00eda whatsapp a nuestro tel\u00e9fono de contacto 3195325857<\/h4>\n<p><strong>Sinergia PRO<\/strong><br \/>\nLitigios y Propiedad Intelectual<br \/>\nAv. Cra 19 # 125 &#8211; 65 Oficina 402, Bogot\u00e1 D.C<br \/>\nTel\u00e9fono:\u00a03195325857<\/p>\n","protected":false},"excerpt":{"rendered":"<p>Asesor\u00eda Legal para su empresa Tenemos planes dise\u00f1ados de acuerdo a las necesidades de su empresa. Contamos la experiencia y el conocimiento para asesorar su organizaci\u00f3n en materia contractual, laboral, societaria y en general para dar cumplimiento a requerimientos legales a los que est\u00e1 expuesta su compa\u00f1\u00eda. Como especialistas en derecho de los negocios, naturalmente<\/p>\n<p><a href=\"https:\/\/sinergiapro.co\/inicio\/corporativo\/\" class=\"more-link themebutton\">Leer m\u00e1s<\/a><\/p>\n","protected":false},"author":1,"featured_media":0,"parent":0,"menu_order":4,"comment_status":"closed","ping_status":"closed","template":"","meta":{"_mi_skip_tracking":false},"yoast_head":"<!-- This site is optimized with the Yoast SEO plugin v20.1 - https:\/\/yoast.com\/wordpress\/plugins\/seo\/ -->\n<title>Derecho Corporativo - Sinergia PRO - Litigios y Propiedad Intelectual<\/title>\n<meta name=\"description\" content=\"Firma de abogados especializada en Propiedad Intelectual, Derecho Laboral y Seguridad Social, Derecho Corporativo y Registros Sanitarios\" \/>\n<meta name=\"robots\" content=\"index, follow, max-snippet:-1, max-image-preview:large, max-video-preview:-1\" \/>\n<link rel=\"canonical\" href=\"https:\/\/sinergiapro.co\/inicio\/corporativo\/\" \/>\n<meta property=\"og:locale\" content=\"es_ES\" \/>\n<meta property=\"og:type\" content=\"article\" \/>\n<meta property=\"og:title\" content=\"Derecho Corporativo - Sinergia PRO - Litigios y Propiedad Intelectual\" \/>\n<meta property=\"og:description\" content=\"Firma de abogados especializada en Propiedad Intelectual, Derecho Laboral y Seguridad Social, Derecho Corporativo y Registros Sanitarios\" \/>\n<meta property=\"og:url\" content=\"https:\/\/sinergiapro.co\/inicio\/corporativo\/\" \/>\n<meta property=\"og:site_name\" content=\"Sinergia PRO - Litigios y Propiedad Intelectual\" \/>\n<meta property=\"article:publisher\" content=\"http:\/\/facebook.com\/sinergiapro.co\" \/>\n<meta property=\"article:modified_time\" content=\"2020-05-18T21:49:28+00:00\" \/>\n<meta property=\"og:image\" content=\"https:\/\/sinergiapro.co\/inicio\/wp-content\/uploads\/2018\/08\/adult-business-chairs-1181304-300x200.jpg\" \/>\n<meta name=\"twitter:card\" content=\"summary_large_image\" \/>\n<meta name=\"twitter:label1\" content=\"Tiempo de lectura\" \/>\n\t<meta name=\"twitter:data1\" content=\"1 minuto\" \/>\n<script type=\"application\/ld+json\" class=\"yoast-schema-graph\">{\"@context\":\"https:\/\/schema.org\",\"@graph\":[{\"@type\":\"WebPage\",\"@id\":\"https:\/\/sinergiapro.co\/inicio\/corporativo\/\",\"url\":\"https:\/\/sinergiapro.co\/inicio\/corporativo\/\",\"name\":\"Derecho Corporativo - Sinergia PRO - Litigios y Propiedad Intelectual\",\"isPartOf\":{\"@id\":\"https:\/\/sinergiapro.co\/inicio\/#website\"},\"datePublished\":\"2018-08-02T15:01:06+00:00\",\"dateModified\":\"2020-05-18T21:49:28+00:00\",\"description\":\"Firma de abogados especializada en Propiedad Intelectual, Derecho Laboral y Seguridad Social, Derecho Corporativo y Registros Sanitarios\",\"breadcrumb\":{\"@id\":\"https:\/\/sinergiapro.co\/inicio\/corporativo\/#breadcrumb\"},\"inLanguage\":\"es\",\"potentialAction\":[{\"@type\":\"ReadAction\",\"target\":[\"https:\/\/sinergiapro.co\/inicio\/corporativo\/\"]}]},{\"@type\":\"BreadcrumbList\",\"@id\":\"https:\/\/sinergiapro.co\/inicio\/corporativo\/#breadcrumb\",\"itemListElement\":[{\"@type\":\"ListItem\",\"position\":1,\"name\":\"Portada\",\"item\":\"https:\/\/sinergiapro.co\/inicio\/\"},{\"@type\":\"ListItem\",\"position\":2,\"name\":\"Derecho Corporativo\"}]},{\"@type\":\"WebSite\",\"@id\":\"https:\/\/sinergiapro.co\/inicio\/#website\",\"url\":\"https:\/\/sinergiapro.co\/inicio\/\",\"name\":\"Sinergia PRO - Litigios y Propiedad Intelectual\",\"description\":\"Asesores en Derecho Corporativo, Propiedad Intelectual, Registros Sanitarios y Derecho Laboral\",\"publisher\":{\"@id\":\"https:\/\/sinergiapro.co\/inicio\/#organization\"},\"potentialAction\":[{\"@type\":\"SearchAction\",\"target\":{\"@type\":\"EntryPoint\",\"urlTemplate\":\"https:\/\/sinergiapro.co\/inicio\/?s={search_term_string}\"},\"query-input\":\"required name=search_term_string\"}],\"inLanguage\":\"es\"},{\"@type\":\"Organization\",\"@id\":\"https:\/\/sinergiapro.co\/inicio\/#organization\",\"name\":\"Sinergia PRO\",\"url\":\"https:\/\/sinergiapro.co\/inicio\/\",\"logo\":{\"@type\":\"ImageObject\",\"inLanguage\":\"es\",\"@id\":\"https:\/\/sinergiapro.co\/inicio\/#\/schema\/logo\/image\/\",\"url\":\"http:\/\/sinergiapro.co\/inicio\/wp-content\/uploads\/2019\/03\/Sinergia-PRO.png\",\"contentUrl\":\"http:\/\/sinergiapro.co\/inicio\/wp-content\/uploads\/2019\/03\/Sinergia-PRO.png\",\"width\":1080,\"height\":1055,\"caption\":\"Sinergia PRO\"},\"image\":{\"@id\":\"https:\/\/sinergiapro.co\/inicio\/#\/schema\/logo\/image\/\"},\"sameAs\":[\"http:\/\/facebook.com\/sinergiapro.co\",\"http:\/\/www.instagram.com\/sinergiapro.co\"]}]}<\/script>\n<!-- \/ Yoast SEO plugin. -->","yoast_head_json":{"title":"Derecho Corporativo - Sinergia PRO - Litigios y Propiedad Intelectual","description":"Firma de abogados especializada en Propiedad Intelectual, Derecho Laboral y Seguridad Social, Derecho Corporativo y Registros Sanitarios","robots":{"index":"index","follow":"follow","max-snippet":"max-snippet:-1","max-image-preview":"max-image-preview:large","max-video-preview":"max-video-preview:-1"},"canonical":"https:\/\/sinergiapro.co\/inicio\/corporativo\/","og_locale":"es_ES","og_type":"article","og_title":"Derecho Corporativo - Sinergia PRO - Litigios y Propiedad Intelectual","og_description":"Firma de abogados especializada en Propiedad Intelectual, Derecho Laboral y Seguridad Social, Derecho Corporativo y Registros Sanitarios","og_url":"https:\/\/sinergiapro.co\/inicio\/corporativo\/","og_site_name":"Sinergia PRO - Litigios y Propiedad Intelectual","article_publisher":"http:\/\/facebook.com\/sinergiapro.co","article_modified_time":"2020-05-18T21:49:28+00:00","og_image":[{"url":"https:\/\/sinergiapro.co\/inicio\/wp-content\/uploads\/2018\/08\/adult-business-chairs-1181304-300x200.jpg"}],"twitter_card":"summary_large_image","twitter_misc":{"Tiempo de lectura":"1 minuto"},"schema":{"@context":"https:\/\/schema.org","@graph":[{"@type":"WebPage","@id":"https:\/\/sinergiapro.co\/inicio\/corporativo\/","url":"https:\/\/sinergiapro.co\/inicio\/corporativo\/","name":"Derecho Corporativo - Sinergia PRO - Litigios y Propiedad Intelectual","isPartOf":{"@id":"https:\/\/sinergiapro.co\/inicio\/#website"},"datePublished":"2018-08-02T15:01:06+00:00","dateModified":"2020-05-18T21:49:28+00:00","description":"Firma de abogados especializada en Propiedad Intelectual, Derecho Laboral y Seguridad Social, Derecho Corporativo y Registros Sanitarios","breadcrumb":{"@id":"https:\/\/sinergiapro.co\/inicio\/corporativo\/#breadcrumb"},"inLanguage":"es","potentialAction":[{"@type":"ReadAction","target":["https:\/\/sinergiapro.co\/inicio\/corporativo\/"]}]},{"@type":"BreadcrumbList","@id":"https:\/\/sinergiapro.co\/inicio\/corporativo\/#breadcrumb","itemListElement":[{"@type":"ListItem","position":1,"name":"Portada","item":"https:\/\/sinergiapro.co\/inicio\/"},{"@type":"ListItem","position":2,"name":"Derecho Corporativo"}]},{"@type":"WebSite","@id":"https:\/\/sinergiapro.co\/inicio\/#website","url":"https:\/\/sinergiapro.co\/inicio\/","name":"Sinergia PRO - Litigios y Propiedad Intelectual","description":"Asesores en Derecho Corporativo, Propiedad Intelectual, Registros Sanitarios y Derecho Laboral","publisher":{"@id":"https:\/\/sinergiapro.co\/inicio\/#organization"},"potentialAction":[{"@type":"SearchAction","target":{"@type":"EntryPoint","urlTemplate":"https:\/\/sinergiapro.co\/inicio\/?s={search_term_string}"},"query-input":"required name=search_term_string"}],"inLanguage":"es"},{"@type":"Organization","@id":"https:\/\/sinergiapro.co\/inicio\/#organization","name":"Sinergia PRO","url":"https:\/\/sinergiapro.co\/inicio\/","logo":{"@type":"ImageObject","inLanguage":"es","@id":"https:\/\/sinergiapro.co\/inicio\/#\/schema\/logo\/image\/","url":"http:\/\/sinergiapro.co\/inicio\/wp-content\/uploads\/2019\/03\/Sinergia-PRO.png","contentUrl":"http:\/\/sinergiapro.co\/inicio\/wp-content\/uploads\/2019\/03\/Sinergia-PRO.png","width":1080,"height":1055,"caption":"Sinergia PRO"},"image":{"@id":"https:\/\/sinergiapro.co\/inicio\/#\/schema\/logo\/image\/"},"sameAs":["http:\/\/facebook.com\/sinergiapro.co","http:\/\/www.instagram.com\/sinergiapro.co"]}]}},"_links":{"self":[{"href":"https:\/\/sinergiapro.co\/inicio\/wp-json\/wp\/v2\/pages\/61"}],"collection":[{"href":"https:\/\/sinergiapro.co\/inicio\/wp-json\/wp\/v2\/pages"}],"about":[{"href":"https:\/\/sinergiapro.co\/inicio\/wp-json\/wp\/v2\/types\/page"}],"author":[{"embeddable":true,"href":"https:\/\/sinergiapro.co\/inicio\/wp-json\/wp\/v2\/users\/1"}],"replies":[{"embeddable":true,"href":"https:\/\/sinergiapro.co\/inicio\/wp-json\/wp\/v2\/comments?post=61"}],"version-history":[{"count":16,"href":"https:\/\/sinergiapro.co\/inicio\/wp-json\/wp\/v2\/pages\/61\/revisions"}],"predecessor-version":[{"id":453,"href":"https:\/\/sinergiapro.co\/inicio\/wp-json\/wp\/v2\/pages\/61\/revisions\/453"}],"wp:attachment":[{"href":"https:\/\/sinergiapro.co\/inicio\/wp-json\/wp\/v2\/media?parent=61"}],"curies":[{"name":"wp","href":"https:\/\/api.w.org\/{rel}","templated":true}]}}