{"id":63,"date":"2018-08-02T15:01:30","date_gmt":"2018-08-02T15:01:30","guid":{"rendered":"https:\/\/sinergiapro.co\/inicio\/?page_id=63"},"modified":"2019-05-13T17:52:22","modified_gmt":"2019-05-13T17:52:22","slug":"registro-sanitario","status":"publish","type":"page","link":"https:\/\/sinergiapro.co\/inicio\/registro-sanitario\/","title":{"rendered":"Registro Sanitario INVIMA"},"content":{"rendered":"<h1 style=\"text-align: center;\"><strong>Gestionamos su Registro Sanitario ante el INVIMA<\/strong><\/h1>\n<p><img loading=\"lazy\" class=\"size-medium wp-image-220 alignleft\" src=\"https:\/\/sinergiapro.co\/inicio\/wp-content\/uploads\/2018\/11\/baked-baked-goods-bakery-1454985-300x200.jpg\" alt=\"\" width=\"300\" height=\"200\" srcset=\"https:\/\/sinergiapro.co\/inicio\/wp-content\/uploads\/2018\/11\/baked-baked-goods-bakery-1454985-300x200.jpg 300w, https:\/\/sinergiapro.co\/inicio\/wp-content\/uploads\/2018\/11\/baked-baked-goods-bakery-1454985-768x513.jpg 768w, https:\/\/sinergiapro.co\/inicio\/wp-content\/uploads\/2018\/11\/baked-baked-goods-bakery-1454985-1024x684.jpg 1024w, https:\/\/sinergiapro.co\/inicio\/wp-content\/uploads\/2018\/11\/baked-baked-goods-bakery-1454985-960x640.jpg 960w, https:\/\/sinergiapro.co\/inicio\/wp-content\/uploads\/2018\/11\/baked-baked-goods-bakery-1454985-480x320.jpg 480w, https:\/\/sinergiapro.co\/inicio\/wp-content\/uploads\/2018\/11\/baked-baked-goods-bakery-1454985-320x213.jpg 320w, https:\/\/sinergiapro.co\/inicio\/wp-content\/uploads\/2018\/11\/baked-baked-goods-bakery-1454985-240x160.jpg 240w\" sizes=\"(max-width: 300px) 100vw, 300px\" \/> <img loading=\"lazy\" class=\"size-medium wp-image-221 alignright\" src=\"https:\/\/sinergiapro.co\/inicio\/wp-content\/uploads\/2018\/11\/capsules-close-up-color-208518-300x200.jpg\" alt=\"\" width=\"300\" height=\"200\" srcset=\"https:\/\/sinergiapro.co\/inicio\/wp-content\/uploads\/2018\/11\/capsules-close-up-color-208518-300x200.jpg 300w, https:\/\/sinergiapro.co\/inicio\/wp-content\/uploads\/2018\/11\/capsules-close-up-color-208518-768x512.jpg 768w, https:\/\/sinergiapro.co\/inicio\/wp-content\/uploads\/2018\/11\/capsules-close-up-color-208518-1024x683.jpg 1024w, https:\/\/sinergiapro.co\/inicio\/wp-content\/uploads\/2018\/11\/capsules-close-up-color-208518-960x640.jpg 960w, https:\/\/sinergiapro.co\/inicio\/wp-content\/uploads\/2018\/11\/capsules-close-up-color-208518-480x320.jpg 480w, https:\/\/sinergiapro.co\/inicio\/wp-content\/uploads\/2018\/11\/capsules-close-up-color-208518-320x213.jpg 320w, https:\/\/sinergiapro.co\/inicio\/wp-content\/uploads\/2018\/11\/capsules-close-up-color-208518-240x160.jpg 240w\" sizes=\"(max-width: 300px) 100vw, 300px\" \/><\/p>\n<h4><\/h4>\n<h4><\/h4>\n<h4><\/h4>\n<h4><\/h4>\n<h4><\/h4>\n<h4>El Registro Sanitario es el documento expedido por la autoridad sanitaria competente, mediante el cual se autoriza a una persona natural o jur\u00eddica para fabricar, envasar; e Importar un alimento con destino al consumo humano.<\/h4>\n<h4>Nuestra firma tiene experiencia en asuntos regulatorios y en especial los relativos a la expedici\u00f3n de Registros Sanitarios ante el Instituto de Vigilancia de Alimentos y Medicamentos INVIMA. ente regulador encargado de proteger la salud p\u00fablica y la idoneidad de los productos que ingieren los colombianos, incluyendo nuestros ni\u00f1os.<\/h4>\n<h4>Este Registro tiene la doble finalidad de proteger la salud de los consumidores con el fin de garantizar que un producto (incluidos alimentos, medicamentos, suplementos, etc.)\u00a0 cumple con los requisitos de manejo, producci\u00f3n y distribuci\u00f3n necesarios para\u00a0 su circulaci\u00f3n segura y por otro lado avala al productor para tener v\u00eda libre y legitimar su posici\u00f3n en el mercado mediante la habilitaci\u00f3n de que est\u00e1 observando con diligencia las disposiciones de la ley en materia de salud p\u00fablica.<\/h4>\n<h4>Estamos capacitados y motivados para servir de aliados en la materializaci\u00f3n de los objetivos de su emprendimiento o para seguir cimentando la posici\u00f3n en el mercado de su empresa, siempre actuando en el marco de la confidencialidad y la observancia estricta de los requisitos legales.<\/h4>\n<h4>Sus intereses est\u00e1n en buenas manos, <a href=\"http:\/\/www.sinergiapro.co\/inicio\/contacto\"><strong>cont\u00e1ctenos<\/strong><\/a>\u00a0para que conozca los pasos en que puede seguir formalizando sus ideas y modelo de negocio.<\/h4>\n<h4><iframe  id=\"_ytid_69850\"  width=\"1170\" height=\"658\"  data-origwidth=\"1170\" data-origheight=\"658\" src=\"https:\/\/www.youtube.com\/embed\/NJlh6U6HAIs?enablejsapi=1&autoplay=0&cc_load_policy=0&cc_lang_pref=&iv_load_policy=1&loop=0&modestbranding=0&rel=0&fs=1&playsinline=0&autohide=2&theme=dark&color=red&controls=1&\" class=\"__youtube_prefs__  no-lazyload\" title=\"YouTube player\"  allow=\"accelerometer; autoplay; clipboard-write; encrypted-media; gyroscope; picture-in-picture\" allowfullscreen data-no-lazy=\"1\" data-skipgform_ajax_framebjll=\"\"><\/iframe><\/h4>\n<h4>Si usted desea consultar el registro sanitario de un producto de su inter\u00e9s, acceda <a href=\"http:\/\/consultaregistro.invima.gov.co:8082\/Consultas\/consultas\/consreg_encabcum.jsp\"><span style=\"color: #ff0000;\"><strong><em>aqu\u00ed<\/em><\/strong><\/span><\/a><\/h4>\n<p><strong>Sinergia PRO<\/strong><br \/>\nLitigios y Propiedad Intelectual<br \/>\nAv. Cra 19 # 125 &#8211; 65 Oficina 402, Bogot\u00e1 D.C<br \/>\nTel\u00e9fono:\u00a03195325857<\/p>\n","protected":false},"excerpt":{"rendered":"<p>Gestionamos su Registro Sanitario ante el INVIMA El Registro Sanitario es el documento expedido por la autoridad sanitaria competente, mediante el cual se autoriza a una persona natural o jur\u00eddica para fabricar, envasar; e Importar un alimento con destino al consumo humano. Nuestra firma tiene experiencia en asuntos regulatorios y en especial los relativos a<\/p>\n<p><a href=\"https:\/\/sinergiapro.co\/inicio\/registro-sanitario\/\" class=\"more-link themebutton\">Leer m\u00e1s<\/a><\/p>\n","protected":false},"author":1,"featured_media":0,"parent":0,"menu_order":5,"comment_status":"closed","ping_status":"closed","template":"","meta":{"_mi_skip_tracking":false},"yoast_head":"<!-- This site is optimized with the Yoast SEO plugin v20.1 - https:\/\/yoast.com\/wordpress\/plugins\/seo\/ -->\n<title>Registro Sanitario INVIMA - Sinergia PRO - Litigios y Propiedad Intelectual<\/title>\n<meta name=\"description\" content=\"Gestionamos el registro, permiso o notificacion sanitario ante el INVIMA. Tenemos experiencia espec\u00edfica en el sector de alimentos y cosm\u00e9ticos.\" \/>\n<meta name=\"robots\" content=\"index, follow, max-snippet:-1, max-image-preview:large, max-video-preview:-1\" \/>\n<link rel=\"canonical\" href=\"https:\/\/sinergiapro.co\/inicio\/registro-sanitario\/\" \/>\n<meta property=\"og:locale\" content=\"es_ES\" \/>\n<meta property=\"og:type\" content=\"article\" \/>\n<meta property=\"og:title\" content=\"Registro Sanitario INVIMA - Sinergia PRO - Litigios y Propiedad Intelectual\" \/>\n<meta property=\"og:description\" content=\"Gestionamos el registro, permiso o notificacion sanitario ante el INVIMA. Tenemos experiencia espec\u00edfica en el sector de alimentos y cosm\u00e9ticos.\" \/>\n<meta property=\"og:url\" content=\"https:\/\/sinergiapro.co\/inicio\/registro-sanitario\/\" \/>\n<meta property=\"og:site_name\" content=\"Sinergia PRO - Litigios y Propiedad Intelectual\" \/>\n<meta property=\"article:publisher\" content=\"http:\/\/facebook.com\/sinergiapro.co\" \/>\n<meta property=\"article:modified_time\" content=\"2019-05-13T17:52:22+00:00\" \/>\n<meta property=\"og:image\" content=\"https:\/\/sinergiapro.co\/inicio\/wp-content\/uploads\/2018\/11\/baked-baked-goods-bakery-1454985-300x200.jpg\" \/>\n<meta name=\"twitter:card\" content=\"summary_large_image\" \/>\n<meta name=\"twitter:label1\" content=\"Tiempo de lectura\" \/>\n\t<meta name=\"twitter:data1\" content=\"1 minuto\" \/>\n<script type=\"application\/ld+json\" class=\"yoast-schema-graph\">{\"@context\":\"https:\/\/schema.org\",\"@graph\":[{\"@type\":\"WebPage\",\"@id\":\"https:\/\/sinergiapro.co\/inicio\/registro-sanitario\/\",\"url\":\"https:\/\/sinergiapro.co\/inicio\/registro-sanitario\/\",\"name\":\"Registro Sanitario INVIMA - Sinergia PRO - Litigios y Propiedad Intelectual\",\"isPartOf\":{\"@id\":\"https:\/\/sinergiapro.co\/inicio\/#website\"},\"datePublished\":\"2018-08-02T15:01:30+00:00\",\"dateModified\":\"2019-05-13T17:52:22+00:00\",\"description\":\"Gestionamos el registro, permiso o notificacion sanitario ante el INVIMA. Tenemos experiencia espec\u00edfica en el sector de alimentos y cosm\u00e9ticos.\",\"breadcrumb\":{\"@id\":\"https:\/\/sinergiapro.co\/inicio\/registro-sanitario\/#breadcrumb\"},\"inLanguage\":\"es\",\"potentialAction\":[{\"@type\":\"ReadAction\",\"target\":[\"https:\/\/sinergiapro.co\/inicio\/registro-sanitario\/\"]}]},{\"@type\":\"BreadcrumbList\",\"@id\":\"https:\/\/sinergiapro.co\/inicio\/registro-sanitario\/#breadcrumb\",\"itemListElement\":[{\"@type\":\"ListItem\",\"position\":1,\"name\":\"Portada\",\"item\":\"https:\/\/sinergiapro.co\/inicio\/\"},{\"@type\":\"ListItem\",\"position\":2,\"name\":\"Registro Sanitario INVIMA\"}]},{\"@type\":\"WebSite\",\"@id\":\"https:\/\/sinergiapro.co\/inicio\/#website\",\"url\":\"https:\/\/sinergiapro.co\/inicio\/\",\"name\":\"Sinergia PRO - Litigios y Propiedad Intelectual\",\"description\":\"Asesores en Derecho Corporativo, Propiedad Intelectual, Registros Sanitarios y Derecho Laboral\",\"publisher\":{\"@id\":\"https:\/\/sinergiapro.co\/inicio\/#organization\"},\"potentialAction\":[{\"@type\":\"SearchAction\",\"target\":{\"@type\":\"EntryPoint\",\"urlTemplate\":\"https:\/\/sinergiapro.co\/inicio\/?s={search_term_string}\"},\"query-input\":\"required name=search_term_string\"}],\"inLanguage\":\"es\"},{\"@type\":\"Organization\",\"@id\":\"https:\/\/sinergiapro.co\/inicio\/#organization\",\"name\":\"Sinergia PRO\",\"url\":\"https:\/\/sinergiapro.co\/inicio\/\",\"logo\":{\"@type\":\"ImageObject\",\"inLanguage\":\"es\",\"@id\":\"https:\/\/sinergiapro.co\/inicio\/#\/schema\/logo\/image\/\",\"url\":\"http:\/\/sinergiapro.co\/inicio\/wp-content\/uploads\/2019\/03\/Sinergia-PRO.png\",\"contentUrl\":\"http:\/\/sinergiapro.co\/inicio\/wp-content\/uploads\/2019\/03\/Sinergia-PRO.png\",\"width\":1080,\"height\":1055,\"caption\":\"Sinergia PRO\"},\"image\":{\"@id\":\"https:\/\/sinergiapro.co\/inicio\/#\/schema\/logo\/image\/\"},\"sameAs\":[\"http:\/\/facebook.com\/sinergiapro.co\",\"http:\/\/www.instagram.com\/sinergiapro.co\"]}]}<\/script>\n<!-- \/ Yoast SEO plugin. -->","yoast_head_json":{"title":"Registro Sanitario INVIMA - Sinergia PRO - Litigios y Propiedad Intelectual","description":"Gestionamos el registro, permiso o notificacion sanitario ante el INVIMA. Tenemos experiencia espec\u00edfica en el sector de alimentos y cosm\u00e9ticos.","robots":{"index":"index","follow":"follow","max-snippet":"max-snippet:-1","max-image-preview":"max-image-preview:large","max-video-preview":"max-video-preview:-1"},"canonical":"https:\/\/sinergiapro.co\/inicio\/registro-sanitario\/","og_locale":"es_ES","og_type":"article","og_title":"Registro Sanitario INVIMA - Sinergia PRO - Litigios y Propiedad Intelectual","og_description":"Gestionamos el registro, permiso o notificacion sanitario ante el INVIMA. Tenemos experiencia espec\u00edfica en el sector de alimentos y cosm\u00e9ticos.","og_url":"https:\/\/sinergiapro.co\/inicio\/registro-sanitario\/","og_site_name":"Sinergia PRO - Litigios y Propiedad Intelectual","article_publisher":"http:\/\/facebook.com\/sinergiapro.co","article_modified_time":"2019-05-13T17:52:22+00:00","og_image":[{"url":"https:\/\/sinergiapro.co\/inicio\/wp-content\/uploads\/2018\/11\/baked-baked-goods-bakery-1454985-300x200.jpg"}],"twitter_card":"summary_large_image","twitter_misc":{"Tiempo de lectura":"1 minuto"},"schema":{"@context":"https:\/\/schema.org","@graph":[{"@type":"WebPage","@id":"https:\/\/sinergiapro.co\/inicio\/registro-sanitario\/","url":"https:\/\/sinergiapro.co\/inicio\/registro-sanitario\/","name":"Registro Sanitario INVIMA - Sinergia PRO - Litigios y Propiedad Intelectual","isPartOf":{"@id":"https:\/\/sinergiapro.co\/inicio\/#website"},"datePublished":"2018-08-02T15:01:30+00:00","dateModified":"2019-05-13T17:52:22+00:00","description":"Gestionamos el registro, permiso o notificacion sanitario ante el INVIMA. Tenemos experiencia espec\u00edfica en el sector de alimentos y cosm\u00e9ticos.","breadcrumb":{"@id":"https:\/\/sinergiapro.co\/inicio\/registro-sanitario\/#breadcrumb"},"inLanguage":"es","potentialAction":[{"@type":"ReadAction","target":["https:\/\/sinergiapro.co\/inicio\/registro-sanitario\/"]}]},{"@type":"BreadcrumbList","@id":"https:\/\/sinergiapro.co\/inicio\/registro-sanitario\/#breadcrumb","itemListElement":[{"@type":"ListItem","position":1,"name":"Portada","item":"https:\/\/sinergiapro.co\/inicio\/"},{"@type":"ListItem","position":2,"name":"Registro Sanitario INVIMA"}]},{"@type":"WebSite","@id":"https:\/\/sinergiapro.co\/inicio\/#website","url":"https:\/\/sinergiapro.co\/inicio\/","name":"Sinergia PRO - Litigios y Propiedad Intelectual","description":"Asesores en Derecho Corporativo, Propiedad Intelectual, Registros Sanitarios y Derecho Laboral","publisher":{"@id":"https:\/\/sinergiapro.co\/inicio\/#organization"},"potentialAction":[{"@type":"SearchAction","target":{"@type":"EntryPoint","urlTemplate":"https:\/\/sinergiapro.co\/inicio\/?s={search_term_string}"},"query-input":"required name=search_term_string"}],"inLanguage":"es"},{"@type":"Organization","@id":"https:\/\/sinergiapro.co\/inicio\/#organization","name":"Sinergia PRO","url":"https:\/\/sinergiapro.co\/inicio\/","logo":{"@type":"ImageObject","inLanguage":"es","@id":"https:\/\/sinergiapro.co\/inicio\/#\/schema\/logo\/image\/","url":"http:\/\/sinergiapro.co\/inicio\/wp-content\/uploads\/2019\/03\/Sinergia-PRO.png","contentUrl":"http:\/\/sinergiapro.co\/inicio\/wp-content\/uploads\/2019\/03\/Sinergia-PRO.png","width":1080,"height":1055,"caption":"Sinergia PRO"},"image":{"@id":"https:\/\/sinergiapro.co\/inicio\/#\/schema\/logo\/image\/"},"sameAs":["http:\/\/facebook.com\/sinergiapro.co","http:\/\/www.instagram.com\/sinergiapro.co"]}]}},"_links":{"self":[{"href":"https:\/\/sinergiapro.co\/inicio\/wp-json\/wp\/v2\/pages\/63"}],"collection":[{"href":"https:\/\/sinergiapro.co\/inicio\/wp-json\/wp\/v2\/pages"}],"about":[{"href":"https:\/\/sinergiapro.co\/inicio\/wp-json\/wp\/v2\/types\/page"}],"author":[{"embeddable":true,"href":"https:\/\/sinergiapro.co\/inicio\/wp-json\/wp\/v2\/users\/1"}],"replies":[{"embeddable":true,"href":"https:\/\/sinergiapro.co\/inicio\/wp-json\/wp\/v2\/comments?post=63"}],"version-history":[{"count":22,"href":"https:\/\/sinergiapro.co\/inicio\/wp-json\/wp\/v2\/pages\/63\/revisions"}],"predecessor-version":[{"id":405,"href":"https:\/\/sinergiapro.co\/inicio\/wp-json\/wp\/v2\/pages\/63\/revisions\/405"}],"wp:attachment":[{"href":"https:\/\/sinergiapro.co\/inicio\/wp-json\/wp\/v2\/media?parent=63"}],"curies":[{"name":"wp","href":"https:\/\/api.w.org\/{rel}","templated":true}]}}