{"id":8,"date":"2018-08-01T21:07:45","date_gmt":"2018-08-01T21:07:45","guid":{"rendered":"https:\/\/sinergiapro.co\/inicio\/?page_id=8"},"modified":"2022-05-13T22:09:58","modified_gmt":"2022-05-13T22:09:58","slug":"litigios-y-propiedad-intelectual","status":"publish","type":"page","link":"https:\/\/sinergiapro.co\/inicio\/","title":{"rendered":"INICIO"},"content":{"rendered":"<p><strong>Sinergia PRO &#8211; Estudio Jur\u00eddico SAS<\/strong><br \/>\nLitigios y Propiedad Intelectual<br \/>\nCalle 71# 5 &#8211; 97 Oficina 303, Bogot\u00e1 D.C<br \/>\nTel\u00e9fono: 3195325857<\/p>\n","protected":false},"excerpt":{"rendered":"<p>Sinergia PRO &#8211; Estudio Jur\u00eddico SAS Litigios y Propiedad Intelectual Calle 71# 5 &#8211; 97 Oficina 303, Bogot\u00e1 D.C Tel\u00e9fono: 3195325857<\/p>\n","protected":false},"author":1,"featured_media":0,"parent":0,"menu_order":0,"comment_status":"closed","ping_status":"closed","template":"","meta":{"_mi_skip_tracking":false},"yoast_head":"<!-- This site is optimized with the Yoast SEO plugin v20.1 - https:\/\/yoast.com\/wordpress\/plugins\/seo\/ -->\n<title>INICIO - Sinergia PRO - Litigios y Propiedad Intelectual<\/title>\n<meta name=\"description\" content=\"Somos una firma de abogados especializados en propiedad intelectual, derecho corporativo, derecho laboral y registros sanitarios\" \/>\n<meta name=\"robots\" content=\"index, follow, max-snippet:-1, max-image-preview:large, max-video-preview:-1\" \/>\n<link rel=\"canonical\" href=\"https:\/\/sinergiapro.co\/inicio\/\" \/>\n<meta property=\"og:locale\" content=\"es_ES\" \/>\n<meta property=\"og:type\" content=\"article\" \/>\n<meta property=\"og:title\" content=\"INICIO - Sinergia PRO - Litigios y Propiedad Intelectual\" \/>\n<meta property=\"og:description\" content=\"Somos una firma de abogados especializados en propiedad intelectual, derecho corporativo, derecho laboral y registros sanitarios\" \/>\n<meta property=\"og:url\" content=\"https:\/\/sinergiapro.co\/inicio\/\" \/>\n<meta property=\"og:site_name\" content=\"Sinergia PRO - Litigios y Propiedad Intelectual\" \/>\n<meta property=\"article:publisher\" content=\"http:\/\/facebook.com\/sinergiapro.co\" \/>\n<meta property=\"article:modified_time\" content=\"2022-05-13T22:09:58+00:00\" \/>\n<meta name=\"twitter:card\" content=\"summary_large_image\" \/>\n<meta name=\"twitter:label1\" content=\"Tiempo de lectura\" \/>\n\t<meta name=\"twitter:data1\" content=\"1 minuto\" \/>\n<script type=\"application\/ld+json\" class=\"yoast-schema-graph\">{\"@context\":\"https:\/\/schema.org\",\"@graph\":[{\"@type\":\"WebPage\",\"@id\":\"https:\/\/sinergiapro.co\/inicio\/\",\"url\":\"https:\/\/sinergiapro.co\/inicio\/\",\"name\":\"INICIO - Sinergia PRO - Litigios y Propiedad Intelectual\",\"isPartOf\":{\"@id\":\"https:\/\/sinergiapro.co\/inicio\/#website\"},\"datePublished\":\"2018-08-01T21:07:45+00:00\",\"dateModified\":\"2022-05-13T22:09:58+00:00\",\"description\":\"Somos una firma de abogados especializados en propiedad intelectual, derecho corporativo, derecho laboral y registros sanitarios\",\"breadcrumb\":{\"@id\":\"https:\/\/sinergiapro.co\/inicio\/#breadcrumb\"},\"inLanguage\":\"es\",\"potentialAction\":[{\"@type\":\"ReadAction\",\"target\":[\"https:\/\/sinergiapro.co\/inicio\/\"]}]},{\"@type\":\"BreadcrumbList\",\"@id\":\"https:\/\/sinergiapro.co\/inicio\/#breadcrumb\",\"itemListElement\":[{\"@type\":\"ListItem\",\"position\":1,\"name\":\"Portada\",\"item\":\"https:\/\/sinergiapro.co\/inicio\/\"},{\"@type\":\"ListItem\",\"position\":2,\"name\":\"INICIO\"}]},{\"@type\":\"WebSite\",\"@id\":\"https:\/\/sinergiapro.co\/inicio\/#website\",\"url\":\"https:\/\/sinergiapro.co\/inicio\/\",\"name\":\"Sinergia PRO - Litigios y Propiedad Intelectual\",\"description\":\"Asesores en Derecho Corporativo, Propiedad Intelectual, Registros Sanitarios y Derecho Laboral\",\"publisher\":{\"@id\":\"https:\/\/sinergiapro.co\/inicio\/#organization\"},\"potentialAction\":[{\"@type\":\"SearchAction\",\"target\":{\"@type\":\"EntryPoint\",\"urlTemplate\":\"https:\/\/sinergiapro.co\/inicio\/?s={search_term_string}\"},\"query-input\":\"required name=search_term_string\"}],\"inLanguage\":\"es\"},{\"@type\":\"Organization\",\"@id\":\"https:\/\/sinergiapro.co\/inicio\/#organization\",\"name\":\"Sinergia PRO\",\"url\":\"https:\/\/sinergiapro.co\/inicio\/\",\"logo\":{\"@type\":\"ImageObject\",\"inLanguage\":\"es\",\"@id\":\"https:\/\/sinergiapro.co\/inicio\/#\/schema\/logo\/image\/\",\"url\":\"http:\/\/sinergiapro.co\/inicio\/wp-content\/uploads\/2019\/03\/Sinergia-PRO.png\",\"contentUrl\":\"http:\/\/sinergiapro.co\/inicio\/wp-content\/uploads\/2019\/03\/Sinergia-PRO.png\",\"width\":1080,\"height\":1055,\"caption\":\"Sinergia PRO\"},\"image\":{\"@id\":\"https:\/\/sinergiapro.co\/inicio\/#\/schema\/logo\/image\/\"},\"sameAs\":[\"http:\/\/facebook.com\/sinergiapro.co\",\"http:\/\/www.instagram.com\/sinergiapro.co\"]}]}<\/script>\n<!-- \/ Yoast SEO plugin. -->","yoast_head_json":{"title":"INICIO - Sinergia PRO - Litigios y Propiedad Intelectual","description":"Somos una firma de abogados especializados en propiedad intelectual, derecho corporativo, derecho laboral y registros sanitarios","robots":{"index":"index","follow":"follow","max-snippet":"max-snippet:-1","max-image-preview":"max-image-preview:large","max-video-preview":"max-video-preview:-1"},"canonical":"https:\/\/sinergiapro.co\/inicio\/","og_locale":"es_ES","og_type":"article","og_title":"INICIO - Sinergia PRO - Litigios y Propiedad Intelectual","og_description":"Somos una firma de abogados especializados en propiedad intelectual, derecho corporativo, derecho laboral y registros sanitarios","og_url":"https:\/\/sinergiapro.co\/inicio\/","og_site_name":"Sinergia PRO - Litigios y Propiedad Intelectual","article_publisher":"http:\/\/facebook.com\/sinergiapro.co","article_modified_time":"2022-05-13T22:09:58+00:00","twitter_card":"summary_large_image","twitter_misc":{"Tiempo de lectura":"1 minuto"},"schema":{"@context":"https:\/\/schema.org","@graph":[{"@type":"WebPage","@id":"https:\/\/sinergiapro.co\/inicio\/","url":"https:\/\/sinergiapro.co\/inicio\/","name":"INICIO - Sinergia PRO - Litigios y Propiedad Intelectual","isPartOf":{"@id":"https:\/\/sinergiapro.co\/inicio\/#website"},"datePublished":"2018-08-01T21:07:45+00:00","dateModified":"2022-05-13T22:09:58+00:00","description":"Somos una firma de abogados especializados en propiedad intelectual, derecho corporativo, derecho laboral y registros sanitarios","breadcrumb":{"@id":"https:\/\/sinergiapro.co\/inicio\/#breadcrumb"},"inLanguage":"es","potentialAction":[{"@type":"ReadAction","target":["https:\/\/sinergiapro.co\/inicio\/"]}]},{"@type":"BreadcrumbList","@id":"https:\/\/sinergiapro.co\/inicio\/#breadcrumb","itemListElement":[{"@type":"ListItem","position":1,"name":"Portada","item":"https:\/\/sinergiapro.co\/inicio\/"},{"@type":"ListItem","position":2,"name":"INICIO"}]},{"@type":"WebSite","@id":"https:\/\/sinergiapro.co\/inicio\/#website","url":"https:\/\/sinergiapro.co\/inicio\/","name":"Sinergia PRO - Litigios y Propiedad Intelectual","description":"Asesores en Derecho Corporativo, Propiedad Intelectual, Registros Sanitarios y Derecho Laboral","publisher":{"@id":"https:\/\/sinergiapro.co\/inicio\/#organization"},"potentialAction":[{"@type":"SearchAction","target":{"@type":"EntryPoint","urlTemplate":"https:\/\/sinergiapro.co\/inicio\/?s={search_term_string}"},"query-input":"required name=search_term_string"}],"inLanguage":"es"},{"@type":"Organization","@id":"https:\/\/sinergiapro.co\/inicio\/#organization","name":"Sinergia PRO","url":"https:\/\/sinergiapro.co\/inicio\/","logo":{"@type":"ImageObject","inLanguage":"es","@id":"https:\/\/sinergiapro.co\/inicio\/#\/schema\/logo\/image\/","url":"http:\/\/sinergiapro.co\/inicio\/wp-content\/uploads\/2019\/03\/Sinergia-PRO.png","contentUrl":"http:\/\/sinergiapro.co\/inicio\/wp-content\/uploads\/2019\/03\/Sinergia-PRO.png","width":1080,"height":1055,"caption":"Sinergia PRO"},"image":{"@id":"https:\/\/sinergiapro.co\/inicio\/#\/schema\/logo\/image\/"},"sameAs":["http:\/\/facebook.com\/sinergiapro.co","http:\/\/www.instagram.com\/sinergiapro.co"]}]}},"_links":{"self":[{"href":"https:\/\/sinergiapro.co\/inicio\/wp-json\/wp\/v2\/pages\/8"}],"collection":[{"href":"https:\/\/sinergiapro.co\/inicio\/wp-json\/wp\/v2\/pages"}],"about":[{"href":"https:\/\/sinergiapro.co\/inicio\/wp-json\/wp\/v2\/types\/page"}],"author":[{"embeddable":true,"href":"https:\/\/sinergiapro.co\/inicio\/wp-json\/wp\/v2\/users\/1"}],"replies":[{"embeddable":true,"href":"https:\/\/sinergiapro.co\/inicio\/wp-json\/wp\/v2\/comments?post=8"}],"version-history":[{"count":11,"href":"https:\/\/sinergiapro.co\/inicio\/wp-json\/wp\/v2\/pages\/8\/revisions"}],"predecessor-version":[{"id":487,"href":"https:\/\/sinergiapro.co\/inicio\/wp-json\/wp\/v2\/pages\/8\/revisions\/487"}],"wp:attachment":[{"href":"https:\/\/sinergiapro.co\/inicio\/wp-json\/wp\/v2\/media?parent=8"}],"curies":[{"name":"wp","href":"https:\/\/api.w.org\/{rel}","templated":true}]}}